{"id":1831,"date":"2016-07-21T02:04:39","date_gmt":"2016-07-20T23:04:39","guid":{"rendered":"http:\/\/thermould.com\/contact\/"},"modified":"2025-10-28T15:16:40","modified_gmt":"2025-10-28T12:16:40","slug":"contact","status":"publish","type":"page","link":"https:\/\/thermould.com\/en\/contact\/","title":{"rendered":"CONTACT"},"content":{"rendered":"<div class=\"wpb-content-wrapper\"><p>[vc_row css=&#8221;.vc_custom_1708408693819{margin-top: 50px !important;margin-bottom: 49px !important;}&#8221; conditional_render=&#8221;%5B%7B%22value_role%22%3A%22administrator%22%7D%5D&#8221;][vc_column animation_delay=&#8221;1200&#8243; offset=&#8221;vc_col-md-6&#8243; animation_type=&#8221;fadeInUp&#8221;][vc_row_inner][vc_column_inner el_class=&#8221;col-lg-auto&#8221;][vc_custom_heading text=&#8221;Phone&#8221; font_container=&#8221;tag:h4|font_size:.9em|text_align:left|color:%23969696&#8243; use_theme_fonts=&#8221;yes&#8221; css=&#8221;.vc_custom_1761048929410{margin-bottom: 3px !important;}&#8221; text_transform=&#8221;text-uppercase&#8221; font_weight=&#8221;500&#8243; letter_spacing=&#8221;2.5px&#8221; css_params=&#8221;&#8221;]<div class=\"porto-sicon-box mb-2  wpb_custom_a314d1856e718486be08766203240a82 style_1 default-icon\"><div class=\"porto-sicon-default\"><div class=\"porto-just-icon-wrapper porto-sicon-img  porto-icon-9f5d1cfb45d27d96b50bf473aebba227\" style=\"font-size: 23px;\"><img loading=\"lazy\" decoding=\"async\" class=\"img-icon\" alt=\"\" src=\"\/\/sw-themes.com\/porto_dummy\/wp-content\/uploads\/images\/construction\/call.svg\" width=\"23\" height=\"23\" \/><\/div><\/div><div class=\"porto-sicon-header\"><a class=\"porto-sicon-box-link\" href=\"tel:#\"><h5 class=\"porto-sicon-title\" style=\"\">+90 531 922 88 24<\/h5><\/a><\/div> <!-- header --><\/div><!-- porto-sicon-box -->[vc_custom_heading text=&#8221;E-Mail&#8221; font_container=&#8221;tag:h4|font_size:.9em|text_align:left|color:%23969696&#8243; use_theme_fonts=&#8221;yes&#8221; css=&#8221;.vc_custom_1761048955146{margin-bottom: 3px !important;}&#8221; text_transform=&#8221;text-uppercase&#8221; font_weight=&#8221;500&#8243; letter_spacing=&#8221;2.5px&#8221; css_params=&#8221;&#8221;]<div class=\"porto-sicon-box mb-2  wpb_custom_a314d1856e718486be08766203240a82 style_1 default-icon\"><div class=\"porto-sicon-default\"><div class=\"porto-just-icon-wrapper porto-sicon-img  porto-icon-9f5d1cfb45d27d96b50bf473aebba227\" style=\"font-size: 23px;\"><img loading=\"lazy\" decoding=\"async\" class=\"img-icon\" alt=\"\" src=\"\/\/sw-themes.com\/porto_dummy\/wp-content\/uploads\/images\/construction\/atmark.svg\" width=\"23\" height=\"23\" \/><\/div><\/div><div class=\"porto-sicon-header\"><a class=\"porto-sicon-box-link\" href=\"mailto:gm@thermould.com\"><h5 class=\"porto-sicon-title\" style=\"\">gm@thermould.com<\/h5><\/a><\/div> <!-- header --><\/div><!-- porto-sicon-box --><div class=\"porto-sicon-box mb-2  wpb_custom_a314d1856e718486be08766203240a82 style_1 default-icon\"><div class=\"porto-sicon-default\"><div class=\"porto-just-icon-wrapper porto-sicon-img  porto-icon-9f5d1cfb45d27d96b50bf473aebba227\" style=\"font-size: 23px;\"><img loading=\"lazy\" decoding=\"async\" class=\"img-icon\" alt=\"\" src=\"\/\/sw-themes.com\/porto_dummy\/wp-content\/uploads\/images\/construction\/atmark.svg\" width=\"23\" height=\"23\" \/><\/div><\/div><div class=\"porto-sicon-header\"><a class=\"porto-sicon-box-link\" href=\"mailto:export@thermould.com\"><h5 class=\"porto-sicon-title\" style=\"\">export@thermould.com<\/h5><\/a><\/div> <!-- header --><\/div><!-- porto-sicon-box -->[vc_custom_heading text=&#8221;Account&#8221; font_container=&#8221;tag:h4|font_size:.9em|text_align:left|color:%23969696&#8243; use_theme_fonts=&#8221;yes&#8221; css=&#8221;.vc_custom_1761653382455{margin-bottom: 3px !important;}&#8221; text_transform=&#8221;text-uppercase&#8221; font_weight=&#8221;500&#8243; letter_spacing=&#8221;2.5px&#8221; css_params=&#8221;&#8221;]<div class=\"porto-sicon-box mb-2  wpb_custom_a314d1856e718486be08766203240a82 style_1 default-icon\"><div class=\"porto-sicon-default\"><div class=\"porto-just-icon-wrapper porto-sicon-img  porto-icon-9f5d1cfb45d27d96b50bf473aebba227\" style=\"font-size: 23px;\"><img loading=\"lazy\" decoding=\"async\" class=\"img-icon\" alt=\"\" src=\"\/\/sw-themes.com\/porto_dummy\/wp-content\/uploads\/images\/construction\/atmark.svg\" width=\"23\" height=\"23\" \/><\/div><\/div><div class=\"porto-sicon-header\"><a class=\"porto-sicon-box-link\" href=\"mailto:muhasebe@thermould.com\"><h5 class=\"porto-sicon-title\" style=\"\">muhasebe@thermould.com<\/h5><\/a><\/div> <!-- header --><\/div><!-- porto-sicon-box -->[vc_custom_heading text=&#8221;Address&#8221; font_container=&#8221;tag:h4|font_size:.9em|text_align:left|color:%23969696&#8243; use_theme_fonts=&#8221;yes&#8221; css=&#8221;.vc_custom_1761048964514{margin-bottom: 3px !important;}&#8221; text_transform=&#8221;text-uppercase&#8221; font_weight=&#8221;500&#8243; letter_spacing=&#8221;2.5px&#8221; css_params=&#8221;&#8221;]<div class=\"porto-sicon-box mb-2  wpb_custom_a579ee1274fba0e72953a45ed2078eaa style_1 default-icon\"><div class=\"porto-sicon-default\"><div class=\"porto-just-icon-wrapper porto-icon none\" style=\"color:#222529;font-size:24px;\"><i class=\"porto-icon-map-location\"><\/i><\/div><\/div><div class=\"porto-sicon-header\"><h5 class=\"porto-sicon-title\" style=\"\">Cafera\u011fa Mah. General As\u0131m G\u00fcnd\u00fcz Cad.&lt;br&gt;No:62 Bahariye Plaza Daire:5 Kad\u0131k\u00f6y \u0130stanbul<\/h5><\/div> <!-- header --><\/div><!-- porto-sicon-box -->[\/vc_column_inner][\/vc_row_inner][\/vc_column][vc_column animation_delay=&#8221;1600&#8243; offset=&#8221;vc_col-md-6&#8243; animation_type=&#8221;fadeInUp&#8221; el_class=&#8221;mt-4 mt-lg-0&#8243; conditional_render=&#8221;%5B%7B%22value_role%22%3A%22administrator%22%7D%5D&#8221;][vc_custom_heading text=&#8221;Contact&#8221; font_container=&#8221;tag:h2|font_size:1.8em|text_align:left&#8221; use_theme_fonts=&#8221;yes&#8221; css=&#8221;.vc_custom_1750333502282{margin-bottom: 1px !important;}&#8221; css_params=&#8221;&#8221;][vc_custom_heading text=&#8221;Please contact us by filling out the form below.<br \/>\nWe will get back to you as soon as possible.<br \/>\n &#8221; font_container=&#8221;tag:p|font_size:1.1em|text_align:left&#8221; use_theme_fonts=&#8221;yes&#8221; css=&#8221;.vc_custom_1750333513607{margin-bottom: 36px !important;}&#8221; font_weight=&#8221;300&#8243; css_params=&#8221;&#8221;]<div class=\"wpb_custom_7bb34687491ad68069b924dc8759c9d2 pb-3\">\n<div class=\"wpcf7 no-js\" id=\"wpcf7-f66-o1\" lang=\"tr-TR\" dir=\"ltr\" data-wpcf7-id=\"66\">\n<div class=\"screen-reader-response\"><p role=\"status\" aria-live=\"polite\" aria-atomic=\"true\"><\/p> <ul><\/ul><\/div>\n<form action=\"\/en\/wp-json\/wp\/v2\/pages\/1831#wpcf7-f66-o1\" method=\"post\" class=\"wpcf7-form init\" aria-label=\"\u0130leti\u015fim Formu\" novalidate=\"novalidate\" data-status=\"init\">\n<fieldset class=\"hidden-fields-container\"><input type=\"hidden\" name=\"_wpcf7\" value=\"66\" \/><input type=\"hidden\" name=\"_wpcf7_version\" value=\"6.1.2\" \/><input type=\"hidden\" name=\"_wpcf7_locale\" value=\"tr_TR\" \/><input type=\"hidden\" name=\"_wpcf7_unit_tag\" value=\"wpcf7-f66-o1\" \/><input type=\"hidden\" name=\"_wpcf7_container_post\" value=\"0\" \/><input type=\"hidden\" name=\"_wpcf7_posted_data_hash\" value=\"\" \/>\n<\/fieldset>\n<div class=\"form-group mb-2 pb-1\">\n\t<span class=\"wpcf7-form-control-wrap\" data-name=\"your-name\"><input size=\"40\" maxlength=\"400\" class=\"wpcf7-form-control wpcf7-text wpcf7-validates-as-required form-control\" id=\"contact-name\" aria-required=\"true\" aria-invalid=\"false\" placeholder=\"Ad Soyad\" value=\"\" type=\"text\" name=\"your-name\" \/><\/span>\n<\/div>\n<div class=\"form-group mb-2 pb-1\">\n\t<span class=\"wpcf7-form-control-wrap\" data-name=\"your-email\"><input size=\"40\" maxlength=\"400\" class=\"wpcf7-form-control wpcf7-email wpcf7-validates-as-required wpcf7-text wpcf7-validates-as-email form-control\" id=\"contact-email\" aria-required=\"true\" aria-invalid=\"false\" placeholder=\"E-Posta\" value=\"\" type=\"email\" name=\"your-email\" \/><\/span>\n<\/div>\n<div class=\"form-group mb-2 pb-1\">\n<span class=\"wpcf7-form-control-wrap\" data-name=\"tel-892\"><input size=\"40\" maxlength=\"400\" class=\"wpcf7-form-control wpcf7-tel wpcf7-text wpcf7-validates-as-tel form-control\" aria-invalid=\"false\" placeholder=\"Telefon\" value=\"\" type=\"tel\" name=\"tel-892\" \/><\/span>\n\t\n<\/div>\n<div class=\"form-group mb-2 pb-1\">\n\t<span class=\"wpcf7-form-control-wrap\" data-name=\"your-subject\"><input size=\"40\" maxlength=\"400\" class=\"wpcf7-form-control wpcf7-text form-control\" id=\"contact-subject\" aria-invalid=\"false\" placeholder=\"Subject\" value=\"\" type=\"text\" name=\"your-subject\" \/><\/span>\n<\/div>\n<div class=\"form-group mb-2 pb-1\">\n\t<span class=\"wpcf7-form-control-wrap\" data-name=\"your-message\"><textarea cols=\"40\" rows=\"10\" maxlength=\"2000\" class=\"wpcf7-form-control wpcf7-textarea form-control\" id=\"contact-message\" aria-invalid=\"false\" placeholder=\"Message\" name=\"your-message\"><\/textarea><\/span>\n<\/div>\n<div class=\"form-group mb-0\">\n\t<input class=\"wpcf7-form-control wpcf7-submit has-spinner btn btn-primary btn-xl\" type=\"submit\" value=\"G\u00f6nder\" \/>\n<\/div><div class=\"wpcf7-response-output\" aria-hidden=\"true\"><\/div>\n<\/form>\n<\/div>\n<\/div>[\/vc_column][\/vc_row]<\/p>\n<\/div>","protected":false},"excerpt":{"rendered":"<p>[vc_row css=&#8221;.vc_custom_1708408693819{margin-top: 50px !important;margin-bottom: 49px !important;}&#8221; conditional_render=&#8221;%5B%7B%22value_role%22%3A%22administrator%22%7D%5D&#8221;][vc_column animation_delay=&#8221;1200&#8243; offset=&#8221;vc_col-md-6&#8243; animation_type=&#8221;fadeInUp&#8221;][vc_row_inner][vc_column_inner el_class=&#8221;col-lg-auto&#8221;][vc_custom_heading text=&#8221;Phone&#8221; font_container=&#8221;tag:h4|font_size:.9em|text_align:left|color:%23969696&#8243; use_theme_fonts=&#8221;yes&#8221; css=&#8221;.vc_custom_1761048929410{margin-bottom: 3px !important;}&#8221; text_transform=&#8221;text-uppercase&#8221; font_weight=&#8221;500&#8243; letter_spacing=&#8221;2.5px&#8221; css_params=&#8221;&#8221;][vc_custom_heading text=&#8221;E-Mail&#8221; font_container=&#8221;tag:h4|font_size:.9em|text_align:left|color:%23969696&#8243; use_theme_fonts=&#8221;yes&#8221; css=&#8221;.vc_custom_1761048955146{margin-bottom: 3px !important;}&#8221; text_transform=&#8221;text-uppercase&#8221; font_weight=&#8221;500&#8243; letter_spacing=&#8221;2.5px&#8221; css_params=&#8221;&#8221;][vc_custom_heading text=&#8221;Account&#8221; font_container=&#8221;tag:h4|font_size:.9em|text_align:left|color:%23969696&#8243; use_theme_fonts=&#8221;yes&#8221; css=&#8221;.vc_custom_1761653382455{margin-bottom: 3px !important;}&#8221; text_transform=&#8221;text-uppercase&#8221; font_weight=&#8221;500&#8243; letter_spacing=&#8221;2.5px&#8221; css_params=&#8221;&#8221;][vc_custom_heading text=&#8221;Address&#8221; font_container=&#8221;tag:h4|font_size:.9em|text_align:left|color:%23969696&#8243; use_theme_fonts=&#8221;yes&#8221; css=&#8221;.vc_custom_1761048964514{margin-bottom: 3px !important;}&#8221; text_transform=&#8221;text-uppercase&#8221; font_weight=&#8221;500&#8243; letter_spacing=&#8221;2.5px&#8221; css_params=&#8221;&#8221;][\/vc_column_inner][\/vc_row_inner][\/vc_column][vc_column animation_delay=&#8221;1600&#8243; offset=&#8221;vc_col-md-6&#8243; animation_type=&#8221;fadeInUp&#8221; el_class=&#8221;mt-4 [&hellip;]<\/p>\n","protected":false},"author":1,"featured_media":0,"parent":0,"menu_order":0,"comment_status":"closed","ping_status":"closed","template":"","meta":{"content-type":"","footnotes":""},"class_list":["post-1831","page","type-page","status-publish","hentry"],"_links":{"self":[{"href":"https:\/\/thermould.com\/en\/wp-json\/wp\/v2\/pages\/1831","targetHints":{"allow":["GET"]}}],"collection":[{"href":"https:\/\/thermould.com\/en\/wp-json\/wp\/v2\/pages"}],"about":[{"href":"https:\/\/thermould.com\/en\/wp-json\/wp\/v2\/types\/page"}],"author":[{"embeddable":true,"href":"https:\/\/thermould.com\/en\/wp-json\/wp\/v2\/users\/1"}],"replies":[{"embeddable":true,"href":"https:\/\/thermould.com\/en\/wp-json\/wp\/v2\/comments?post=1831"}],"version-history":[{"count":12,"href":"https:\/\/thermould.com\/en\/wp-json\/wp\/v2\/pages\/1831\/revisions"}],"predecessor-version":[{"id":1882,"href":"https:\/\/thermould.com\/en\/wp-json\/wp\/v2\/pages\/1831\/revisions\/1882"}],"wp:attachment":[{"href":"https:\/\/thermould.com\/en\/wp-json\/wp\/v2\/media?parent=1831"}],"curies":[{"name":"wp","href":"https:\/\/api.w.org\/{rel}","templated":true}]}}